{"id":32,"date":"2015-05-08T16:25:13","date_gmt":"2015-05-08T21:25:13","guid":{"rendered":"http:\/\/cpyc.com.mx\/?page_id=32"},"modified":"2020-02-17T23:59:47","modified_gmt":"2020-02-18T04:59:47","slug":"nuestra-firma","status":"publish","type":"page","link":"https:\/\/cpyc.com.mx\/index.php\/nuestra-firma\/","title":{"rendered":"Nuestra firma"},"content":{"rendered":"<p style=\"text-align: justify;\">Somos una firma integrada por profesionales de la Contadur\u00eda P\u00fablica, dedicados a proveer servicios en las \u00e1reas contable, fiscal, laboral, seguridad social, consultor\u00eda y auditor\u00edas internas.<\/p>\n<p style=\"text-align: justify;\">CP&amp;C Contadores P\u00fablicos, es una firma constituida el 31 de julio de 2006 por dos socios, Mar\u00eda Isolda Cort\u00e9s Armas y J. Jes\u00fas Padilla Nungaray quienes cuentan con una trayectoria profesional de m\u00e1s de 12 a\u00f1os de experiencia.<\/p>\n<h2 style=\"text-align: justify;\">Misi\u00f3n<\/h2>\n<p style=\"text-align: justify;\">Prestar servicios de la m\u00e1s alta calidad, con la oportunidad que requieren nuestros clientes, en el \u00e1mbito de la micro, peque\u00f1a y mediana empresa en las \u00e1reas de contabilidad, fiscal, laboral, seguridad social, consultor\u00eda y auditor\u00edas interna, de manera personalizada, anticip\u00e1ndonos a sus necesidades.<\/p>\n<h2 style=\"text-align: justify;\">Visi\u00f3n<\/h2>\n<p style=\"text-align: justify;\">Consolidarnos como una firma l\u00edder en la prestaci\u00f3n de los mejores servicios de contabilidad, en el \u00e1mbito de la micro, peque\u00f1a y mediana empresa.<\/p>\n","protected":false},"excerpt":{"rendered":"<p>Somos una firma integrada por profesionales de la Contadur\u00eda P\u00fablica, dedicados a proveer servicios en las \u00e1reas contable, fiscal, laboral, seguridad social, consultor\u00eda y auditor\u00edas internas. CP&amp;C Contadores P\u00fablicos, es una firma constituida el 31 de julio de 2006 por dos socios, Mar\u00eda Isolda Cort\u00e9s Armas y J. Jes\u00fas Padilla Nungaray quienes cuentan con una<\/p>\n","protected":false},"author":1,"featured_media":46,"parent":0,"menu_order":0,"comment_status":"closed","ping_status":"open","template":"about.php","meta":[],"_links":{"self":[{"href":"https:\/\/cpyc.com.mx\/index.php\/wp-json\/wp\/v2\/pages\/32"}],"collection":[{"href":"https:\/\/cpyc.com.mx\/index.php\/wp-json\/wp\/v2\/pages"}],"about":[{"href":"https:\/\/cpyc.com.mx\/index.php\/wp-json\/wp\/v2\/types\/page"}],"author":[{"embeddable":true,"href":"https:\/\/cpyc.com.mx\/index.php\/wp-json\/wp\/v2\/users\/1"}],"replies":[{"embeddable":true,"href":"https:\/\/cpyc.com.mx\/index.php\/wp-json\/wp\/v2\/comments?post=32"}],"version-history":[{"count":2,"href":"https:\/\/cpyc.com.mx\/index.php\/wp-json\/wp\/v2\/pages\/32\/revisions"}],"predecessor-version":[{"id":50,"href":"https:\/\/cpyc.com.mx\/index.php\/wp-json\/wp\/v2\/pages\/32\/revisions\/50"}],"wp:featuredmedia":[{"embeddable":true,"href":"https:\/\/cpyc.com.mx\/index.php\/wp-json\/wp\/v2\/media\/46"}],"wp:attachment":[{"href":"https:\/\/cpyc.com.mx\/index.php\/wp-json\/wp\/v2\/media?parent=32"}],"curies":[{"name":"wp","href":"https:\/\/api.w.org\/{rel}","templated":true}]}}