{"id":41,"date":"2015-05-11T14:38:34","date_gmt":"2015-05-11T19:38:34","guid":{"rendered":"http:\/\/cpyc.com.mx\/?page_id=41"},"modified":"2020-02-17T23:59:22","modified_gmt":"2020-02-18T04:59:22","slug":"socios","status":"publish","type":"page","link":"https:\/\/cpyc.com.mx\/index.php\/socios\/","title":{"rendered":"Socios"},"content":{"rendered":"<h1>LCP. Isolda Cort\u00e9s Armas<\/h1>\n<p>Licenciada en Contadur\u00eda P\u00fablica egresada de la Universidad de Guadalajara.<\/p>\n<p>Curs\u00f3 el Diplomado Fiscal y el Diplomado laboral en Colegio de Contadores P\u00fablicos de Guadalajara, Jalisco.<\/p>\n<p>Particip\u00f3 en el Seminario en Seguridad Social, impartido en la Universidad Panamericana.<\/p>\n<p>Inici\u00f3 su pr\u00e1ctica profesional en partir del a\u00f1o de 1998 en Rentar\u00eda Servicios Corporativos Integrales, S.C., como asistente contable.<\/p>\n<p>Posteriormente, en Agosto de 1999 se incorpor\u00f3 a la firma Salla, S\u00e1inz &#8211; Grant Thornton, S.C., como encargada del \u00e1rea de impuestos. Y en noviembre del 2004 se integr\u00f3 a la empresa Heat and Control S.A. de C.V. figurando como Contadora General.<\/p>\n<h1>LCP. Jes\u00fas Padilla Nungaray<\/h1>\n<p>Licenciado en Contadur\u00eda P\u00fablica egresado de la Universidad de Guadalajara obtuvo sin t\u00edtulo profesional en 2001.<\/p>\n<p>Curs\u00f3 la Especialidad en Materia Tributaria en el Colegio Contadores P\u00fablicos de Guadalajara, Jalisco.<\/p>\n<p>Inici\u00f3 su pr\u00e1ctica profesional a partir del a\u00f1o de 1999 en la firma Ruvalcaba Villalobos Y Compa\u00f1\u00eda, S.C.<\/p>\n<p>Posteriormente, en julio de 2006 se incorpor\u00f3 a la firma CPYC Contadores P\u00fablicos S.C., en calidad de socio director.<\/p>\n<p>Es miembro del Colegio de Contadores P\u00fablicos de Guadalajara, Jalisco; participa activamente en su Comisi\u00f3n del Ejercicio al Apoyo Independiente.<\/p>\n<p>As\u00ed mismo, es miembro del Instituto Mexicano de Contadores P\u00fablicos y participa en su Comisi\u00f3n Fiscal de la Regi\u00f3n Centro Occidente.<\/p>\n<p>Actualmente es miembro del Consejo Coordinador de J\u00f3venes Empresarios de Jalisco A.C.<\/p>\n<p>Es catedr\u00e1tico de la Universidad de Guadalajara y Universidad Aut\u00f3noma de Guadalajara.<\/p>\n<p>Ha participado como expositor en diversas instituciones, organismos empresariales y Colegios de Contadores de la Rep\u00fablica Mexicana.<\/p>\n","protected":false},"excerpt":{"rendered":"<p>LCP. Isolda Cort\u00e9s Armas Licenciada en Contadur\u00eda P\u00fablica egresada de la Universidad de Guadalajara. Curs\u00f3 el Diplomado Fiscal y el Diplomado laboral en Colegio de Contadores P\u00fablicos de Guadalajara, Jalisco. Particip\u00f3 en el Seminario en Seguridad Social, impartido en la Universidad Panamericana. Inici\u00f3 su pr\u00e1ctica profesional en partir del a\u00f1o de 1998 en Rentar\u00eda Servicios<\/p>\n","protected":false},"author":1,"featured_media":0,"parent":0,"menu_order":0,"comment_status":"closed","ping_status":"open","template":"full-width.php","meta":[],"_links":{"self":[{"href":"https:\/\/cpyc.com.mx\/index.php\/wp-json\/wp\/v2\/pages\/41"}],"collection":[{"href":"https:\/\/cpyc.com.mx\/index.php\/wp-json\/wp\/v2\/pages"}],"about":[{"href":"https:\/\/cpyc.com.mx\/index.php\/wp-json\/wp\/v2\/types\/page"}],"author":[{"embeddable":true,"href":"https:\/\/cpyc.com.mx\/index.php\/wp-json\/wp\/v2\/users\/1"}],"replies":[{"embeddable":true,"href":"https:\/\/cpyc.com.mx\/index.php\/wp-json\/wp\/v2\/comments?post=41"}],"version-history":[{"count":4,"href":"https:\/\/cpyc.com.mx\/index.php\/wp-json\/wp\/v2\/pages\/41\/revisions"}],"predecessor-version":[{"id":55,"href":"https:\/\/cpyc.com.mx\/index.php\/wp-json\/wp\/v2\/pages\/41\/revisions\/55"}],"wp:attachment":[{"href":"https:\/\/cpyc.com.mx\/index.php\/wp-json\/wp\/v2\/media?parent=41"}],"curies":[{"name":"wp","href":"https:\/\/api.w.org\/{rel}","templated":true}]}}